{"id":1306,"date":"2025-06-02T13:40:18","date_gmt":"2025-06-02T11:40:18","guid":{"rendered":"https:\/\/www.laniverdiere.com\/?page_id=1306"},"modified":"2025-06-02T13:40:18","modified_gmt":"2025-06-02T11:40:18","slug":"les-rouges","status":"publish","type":"page","link":"https:\/\/laniverdiere.com\/en\/les-rouges\/","title":{"rendered":"THE REDS"},"content":{"rendered":"<p><section id=\"bt_section69d258660656b\"  class=\"boldSection btDarkSkin inherit\" style=\"background: transparent;\"><div class=\"port\"><div class=\"boldCell\"><div class=\"boldCellInner\"><div class=\"boldRow\" ><div class=\"boldRowInner\"><div class=\"rowItem col-md-6 col-sm-12 btTextLeft btMiddleVertical btDoublePadding\" style=\"background-color: rgba(73, 68, 68, 1);\" ><div class=\"rowItemContent\" ><div class=\"btClear btSeparator topSpaced bottomSmallSpaced noBorder\" ><hr><\/div><header class=\"header btClear extralarge btDash topDash  btAccentDash\" ><div class=\"btSuperTitle\">The plains above Cravant les Coteaux<\/div><div class=\"dash\"><h1><span class=\"headline\">Renaissance<\/span><\/h1><\/div><\/header><div class=\"btClear btSeparator topSmallSpaced noBorder\" ><hr><\/div><div class=\"btText\" ><\/p>\n<p style=\"text-align: justify;\">A brilliant wine with fine tannins that perfectly reflect the terroir of Cravant les Coteaux. A fruity and easy-drinking vintage.<\/p>\n<ul style=\"text-align: justify;\">\n<li><em>Terroir:<\/em>\u00a0Mixed gravel and sand on a clay-siliceous subsoil<\/li>\n<li><em>Grape variety:<\/em> cabernet franc<\/li>\n<li><em>Winemaking:<\/em> Hand-harvested. Fermentation of the must begins spontaneously thanks to indigenous yeasts. Maceration lasts 20 days. The Cabernet Franc is vinified in truncated conical concrete vats.<\/li>\n<li><em>Character :<\/em> The wine&#039;s lovely red robe, with hints of Morello cherry, is tinged with golden hues. The initial nose, delicate and discreet, opens with notes of strawberry jam and quickly evolves to reveal aromas of ripe plum, cinnamon, and gingerbread. The palate, with its supple and rounded attack, is prolonged by the elegance of youthful, firm tannins on the finish. The wine&#039;s beautiful overall balance is subtly underscored by notes of Morello cherry and plum.<\/li>\n<\/ul>\n<p style=\"text-align: justify;\">A wine for enjoyment that will perfectly complement a plate of charcuterie, grilled meats, a Touraine goat cheese or homemade roast poultry, or even a cod loin.<\/p>\n<p>\n<\/div><div class=\"btClear btSeparator topSpaced bottomSmallSpaced noBorder\" ><hr><\/div><\/div><\/div><div class=\"rowItem col-md-6 col-sm-12 btTextLeft inherit btNoPadding\" style=\"background-color: rgba(73, 68, 68, 1);\" ><div class=\"rowItemContent\" ><div class=\"bpgPhoto btTextCenter\" ><div class=\"btImage\"><img decoding=\"async\" src=\"https:\/\/laniverdiere.com\/wp-content\/uploads\/2016\/03\/renaissance.jpg\" alt=\"\" title=\"\"><\/div><\/div><\/div><\/div><\/div><\/div><\/div><\/div><\/div><\/section><section id=\"bt_section69d2586607f02\"  class=\"boldSection btDarkSkin inherit\" style=\"background: transparent;\"><div class=\"port\"><div class=\"boldCell\"><div class=\"boldCellInner\"><div class=\"boldRow\" ><div class=\"boldRowInner\"><div class=\"rowItem col-md-6 col-sm-12 btTextLeft inherit btNoPadding\" style=\"background-color: rgba(73, 68, 68, 1);\" ><div class=\"rowItemContent\" ><div class=\"bpgPhoto btTextCenter\" ><div class=\"btImage\"><img decoding=\"async\" src=\"https:\/\/laniverdiere.com\/wp-content\/uploads\/2016\/03\/Palimpseste3.jpg\" alt=\"\" title=\"\"><\/div><\/div><\/div><\/div><div class=\"rowItem col-md-6 col-sm-12 btTextLeft btMiddleVertical btDoublePadding\" style=\"background-color: rgba(53, 48, 48, 1);\" ><div class=\"rowItemContent\" ><div class=\"btClear btSeparator topSpaced bottomSmallSpaced noBorder\" ><hr><\/div><header class=\"header btClear extralarge btDash topDash  btAccentDash\" ><div class=\"btSuperTitle\">Grapes from &quot;Clos La Niverdi\u00e8re&quot;\u00ab <\/div><div class=\"dash\"><h1><span class=\"headline\">Palimpseste<\/span><\/h1><\/div><\/header><div class=\"btClear btSeparator topSmallSpaced noBorder\" ><hr><\/div><div class=\"btText\" ><\/p>\n<p style=\"text-align: justify;\"><strong><em>Palimpseste<\/em><\/strong> is the cuv\u00e9e made exclusively with grapes from the &quot;Clos La Niverdi\u00e8re&quot; in Beaumont en V\u00e9ron<\/p>\n<ul style=\"text-align: justify;\">\n<li><em>Terroir:<\/em> <strong>\u00ab&quot;Gentle Lands&quot;, <\/strong>a mixture of calcareous sands and calcareous colluvium, a not very deep horizon and a subsoil of white and yellow tuffeaux.<\/li>\n<li><em>Grape variety:<\/em> cabernet franc<\/li>\n<li><em>Winemaking:<\/em> Hand-harvested, vinified and aged in raw concrete tanks<\/li>\n<li><em>Character :<\/em> The young vines of the Clos produce a fruity, easy-drinking wine with notes of raspberry, redcurrant, and blackcurrant. This fruity character is very typical of the <em>soft soils<\/em> From Beaumont en V\u00e9ron, these young vines with a beginning of rooting in the bedrock ultimately offer well-integrated tannins without being too firm and chalky.<\/li>\n<\/ul>\n<p style=\"text-align: justify;\">This is a supple and fruity expression of Chinon Rouge, characteristic of its calcareous sandy soils. A wine to enjoy now, but one that will be even better after a few years of aging.<\/p>\n<p>\n<\/div><div class=\"btClear btSeparator topSpaced bottomSmallSpaced noBorder\" ><hr><\/div><\/div><\/div><\/div><\/div><\/div><\/div><\/div><\/section><section id=\"bt_section69d2586609e0a\"  class=\"boldSection btDarkSkin inherit\" style=\"background: transparent;\"><div class=\"port\"><div class=\"boldCell\"><div class=\"boldCellInner\"><div class=\"boldRow\" ><div class=\"boldRowInner\"><div class=\"rowItem col-md-6 col-sm-12 btTextLeft btMiddleVertical btDoublePadding\" style=\"background-color: rgba(73, 68, 68, 1);\" ><div class=\"rowItemContent\" ><div class=\"btClear btSeparator topSpaced bottomSmallSpaced noBorder\" ><hr><\/div><header class=\"header btClear extralarge btDash topDash  btAccentDash\" ><div class=\"btSuperTitle\">Mid-slopes in Cravant-les-Coteaux<\/div><div class=\"dash\"><h1><span class=\"headline\">R\u00e9silience<\/span><\/h1><\/div><\/header><div class=\"btClear btSeparator topSmallSpaced noBorder\" ><hr><\/div><div class=\"btText\" ><\/p>\n<p style=\"text-align: justify;\">A deep color and powerful tannins characteristic of the Cravant clay-limestone soils. A wine for aging.<\/p>\n<ul style=\"text-align: justify;\">\n<li><em>Terroir:<\/em>\u00a0Clay-limestone<\/li>\n<li><em>Grape variety:<\/em> cabernet franc<\/li>\n<li><em>Winemaking:<\/em> The hand-harvested grapes are destemmed by oscillation and then sorted entirely. Fermentation of the must begins spontaneously thanks to indigenous yeasts. Maceration lasts 20 days. The Cabernet Franc is vinified in truncated conical concrete vats.<\/li>\n<li><em>Character :<\/em> An elegant, deep ruby-red robe with subtle hints of Havana. The initial nose is open and complex, unfolding with notes of blackcurrant buds, then evolving into aromas of fresh fig, licorice, anise, and prunes. The palate is marked by a rich, tannic, and rounded attack, confirmed by the presence of dense and powerful tannins. The flavors on the palate confirm this impression, manifesting with notes of toast and cooked fruit.<\/li>\n<\/ul>\n<p style=\"text-align: justify;\">A wine for aging that will elegantly accompany dishes with sauce, such as a cheese platter.<\/p>\n<p style=\"text-align: justify;\"><img loading=\"lazy\" decoding=\"async\" class=\"alignnone size-thumbnail wp-image-699\" src=\"http:\/\/laniverdiere.com\/wp-content\/uploads\/2016\/03\/guide-160x160.jpg\" alt=\"guide\" width=\"160\" height=\"160\" srcset=\"https:\/\/laniverdiere.com\/wp-content\/uploads\/2016\/03\/guide-160x160.jpg 160w, https:\/\/laniverdiere.com\/wp-content\/uploads\/2016\/03\/guide-100x100.jpg 100w\" sizes=\"auto, (max-width: 160px) 100vw, 160px\" \/><\/p>\n<p>\n<\/div><div class=\"btClear btSeparator topSpaced bottomSmallSpaced noBorder\" ><hr><\/div><div class=\"bpgPhoto btTextCenter\" ><div class=\"btImage\"><img decoding=\"async\" src=\"\" alt=\"\" title=\"\"><\/div><\/div><\/div><\/div><div class=\"rowItem col-md-6 col-sm-12 btTextLeft inherit btNoPadding\" style=\"background-color: rgba(73, 68, 68, 1);\" ><div class=\"rowItemContent\" ><div class=\"bpgPhoto btTextCenter\" ><div class=\"btImage\"><img decoding=\"async\" src=\"https:\/\/laniverdiere.com\/wp-content\/uploads\/2016\/03\/resilience.jpg\" alt=\"\" title=\"\"><\/div><\/div><\/div><\/div><\/div><\/div><\/div><\/div><\/div><\/section><\/p>","protected":false},"excerpt":{"rendered":"","protected":false},"author":1,"featured_media":0,"parent":0,"menu_order":0,"comment_status":"closed","ping_status":"closed","template":"","meta":{"footnotes":""},"class_list":["post-1306","page","type-page","status-publish","hentry"],"yoast_head":"<!-- This site is optimized with the Yoast SEO plugin v27.3 - https:\/\/yoast.com\/product\/yoast-seo-wordpress\/ -->\n<title>LES ROUGES - Laniverdiere<\/title>\n<meta name=\"robots\" content=\"index, follow, max-snippet:-1, max-image-preview:large, max-video-preview:-1\" \/>\n<link rel=\"canonical\" href=\"http:\/\/laniverdiere.com\/en\/les-rouges\/\" \/>\n<meta property=\"og:locale\" content=\"en_US\" \/>\n<meta property=\"og:type\" content=\"article\" \/>\n<meta property=\"og:title\" content=\"LES ROUGES - Laniverdiere\" \/>\n<meta property=\"og:url\" content=\"http:\/\/laniverdiere.com\/en\/les-rouges\/\" \/>\n<meta property=\"og:site_name\" content=\"Laniverdiere\" \/>\n<meta property=\"og:image\" content=\"http:\/\/laniverdiere.com\/wp-content\/uploads\/2016\/03\/guide-160x160.jpg\" \/>\n<meta name=\"twitter:card\" content=\"summary_large_image\" \/>\n<meta name=\"twitter:label1\" content=\"Est. reading time\" \/>\n\t<meta name=\"twitter:data1\" content=\"4 minutes\" \/>\n<script type=\"application\/ld+json\" class=\"yoast-schema-graph\">{\"@context\":\"https:\\\/\\\/schema.org\",\"@graph\":[{\"@type\":\"WebPage\",\"@id\":\"http:\\\/\\\/laniverdiere.com\\\/les-rouges\\\/\",\"url\":\"http:\\\/\\\/laniverdiere.com\\\/les-rouges\\\/\",\"name\":\"LES ROUGES - Laniverdiere\",\"isPartOf\":{\"@id\":\"http:\\\/\\\/laniverdiere.com\\\/#website\"},\"primaryImageOfPage\":{\"@id\":\"http:\\\/\\\/laniverdiere.com\\\/les-rouges\\\/#primaryimage\"},\"image\":{\"@id\":\"http:\\\/\\\/laniverdiere.com\\\/les-rouges\\\/#primaryimage\"},\"thumbnailUrl\":\"http:\\\/\\\/laniverdiere.com\\\/wp-content\\\/uploads\\\/2016\\\/03\\\/guide-160x160.jpg\",\"datePublished\":\"2025-06-02T11:40:18+00:00\",\"breadcrumb\":{\"@id\":\"http:\\\/\\\/laniverdiere.com\\\/les-rouges\\\/#breadcrumb\"},\"inLanguage\":\"en-US\",\"potentialAction\":[{\"@type\":\"ReadAction\",\"target\":[\"http:\\\/\\\/laniverdiere.com\\\/les-rouges\\\/\"]}]},{\"@type\":\"ImageObject\",\"inLanguage\":\"en-US\",\"@id\":\"http:\\\/\\\/laniverdiere.com\\\/les-rouges\\\/#primaryimage\",\"url\":\"http:\\\/\\\/laniverdiere.com\\\/wp-content\\\/uploads\\\/2016\\\/03\\\/guide-160x160.jpg\",\"contentUrl\":\"http:\\\/\\\/laniverdiere.com\\\/wp-content\\\/uploads\\\/2016\\\/03\\\/guide-160x160.jpg\"},{\"@type\":\"BreadcrumbList\",\"@id\":\"http:\\\/\\\/laniverdiere.com\\\/les-rouges\\\/#breadcrumb\",\"itemListElement\":[{\"@type\":\"ListItem\",\"position\":1,\"name\":\"Accueil\",\"item\":\"http:\\\/\\\/laniverdiere.com\\\/\"},{\"@type\":\"ListItem\",\"position\":2,\"name\":\"LES ROUGES\"}]},{\"@type\":\"WebSite\",\"@id\":\"http:\\\/\\\/laniverdiere.com\\\/#website\",\"url\":\"http:\\\/\\\/laniverdiere.com\\\/\",\"name\":\"Laniverdiere\",\"description\":\"Le coeur \u00e0 l&#039;ouvrage\",\"potentialAction\":[{\"@type\":\"SearchAction\",\"target\":{\"@type\":\"EntryPoint\",\"urlTemplate\":\"http:\\\/\\\/laniverdiere.com\\\/?s={search_term_string}\"},\"query-input\":{\"@type\":\"PropertyValueSpecification\",\"valueRequired\":true,\"valueName\":\"search_term_string\"}}],\"inLanguage\":\"en-US\"}]}<\/script>\n<!-- \/ Yoast SEO plugin. -->","yoast_head_json":{"title":"LES ROUGES - Laniverdiere","robots":{"index":"index","follow":"follow","max-snippet":"max-snippet:-1","max-image-preview":"max-image-preview:large","max-video-preview":"max-video-preview:-1"},"canonical":"http:\/\/laniverdiere.com\/en\/les-rouges\/","og_locale":"en_US","og_type":"article","og_title":"LES ROUGES - Laniverdiere","og_url":"http:\/\/laniverdiere.com\/en\/les-rouges\/","og_site_name":"Laniverdiere","og_image":[{"url":"http:\/\/laniverdiere.com\/wp-content\/uploads\/2016\/03\/guide-160x160.jpg","type":"","width":"","height":""}],"twitter_card":"summary_large_image","twitter_misc":{"Est. reading time":"4 minutes"},"schema":{"@context":"https:\/\/schema.org","@graph":[{"@type":"WebPage","@id":"http:\/\/laniverdiere.com\/les-rouges\/","url":"http:\/\/laniverdiere.com\/les-rouges\/","name":"LES ROUGES - Laniverdiere","isPartOf":{"@id":"http:\/\/laniverdiere.com\/#website"},"primaryImageOfPage":{"@id":"http:\/\/laniverdiere.com\/les-rouges\/#primaryimage"},"image":{"@id":"http:\/\/laniverdiere.com\/les-rouges\/#primaryimage"},"thumbnailUrl":"http:\/\/laniverdiere.com\/wp-content\/uploads\/2016\/03\/guide-160x160.jpg","datePublished":"2025-06-02T11:40:18+00:00","breadcrumb":{"@id":"http:\/\/laniverdiere.com\/les-rouges\/#breadcrumb"},"inLanguage":"en-US","potentialAction":[{"@type":"ReadAction","target":["http:\/\/laniverdiere.com\/les-rouges\/"]}]},{"@type":"ImageObject","inLanguage":"en-US","@id":"http:\/\/laniverdiere.com\/les-rouges\/#primaryimage","url":"http:\/\/laniverdiere.com\/wp-content\/uploads\/2016\/03\/guide-160x160.jpg","contentUrl":"http:\/\/laniverdiere.com\/wp-content\/uploads\/2016\/03\/guide-160x160.jpg"},{"@type":"BreadcrumbList","@id":"http:\/\/laniverdiere.com\/les-rouges\/#breadcrumb","itemListElement":[{"@type":"ListItem","position":1,"name":"Accueil","item":"http:\/\/laniverdiere.com\/"},{"@type":"ListItem","position":2,"name":"LES ROUGES"}]},{"@type":"WebSite","@id":"http:\/\/laniverdiere.com\/#website","url":"http:\/\/laniverdiere.com\/","name":"Laniverdiere","description":"With heart and soul in the work","potentialAction":[{"@type":"SearchAction","target":{"@type":"EntryPoint","urlTemplate":"http:\/\/laniverdiere.com\/?s={search_term_string}"},"query-input":{"@type":"PropertyValueSpecification","valueRequired":true,"valueName":"search_term_string"}}],"inLanguage":"en-US"}]}},"_links":{"self":[{"href":"https:\/\/laniverdiere.com\/en\/wp-json\/wp\/v2\/pages\/1306","targetHints":{"allow":["GET"]}}],"collection":[{"href":"https:\/\/laniverdiere.com\/en\/wp-json\/wp\/v2\/pages"}],"about":[{"href":"https:\/\/laniverdiere.com\/en\/wp-json\/wp\/v2\/types\/page"}],"author":[{"embeddable":true,"href":"https:\/\/laniverdiere.com\/en\/wp-json\/wp\/v2\/users\/1"}],"replies":[{"embeddable":true,"href":"https:\/\/laniverdiere.com\/en\/wp-json\/wp\/v2\/comments?post=1306"}],"version-history":[{"count":1,"href":"https:\/\/laniverdiere.com\/en\/wp-json\/wp\/v2\/pages\/1306\/revisions"}],"predecessor-version":[{"id":1308,"href":"https:\/\/laniverdiere.com\/en\/wp-json\/wp\/v2\/pages\/1306\/revisions\/1308"}],"wp:attachment":[{"href":"https:\/\/laniverdiere.com\/en\/wp-json\/wp\/v2\/media?parent=1306"}],"curies":[{"name":"wp","href":"https:\/\/api.w.org\/{rel}","templated":true}]}}