{"id":356,"date":"2016-03-04T11:09:39","date_gmt":"2016-03-04T10:09:39","guid":{"rendered":"http:\/\/medical.omnicom-dev.com\/psychiatrist\/?page_id=8"},"modified":"2025-06-04T17:23:09","modified_gmt":"2025-06-04T15:23:09","slug":"le-clos","status":"publish","type":"page","link":"https:\/\/laniverdiere.com\/en\/le-clos\/","title":{"rendered":"THE CLOS"},"content":{"rendered":"<p><section id=\"bt_section69d2586606866\"  class=\"boldSection btDarkSkin inherit\" style=\"background: transparent;\"><div class=\"port\"><div class=\"boldCell\"><div class=\"boldCellInner\"><div class=\"boldRow\" ><div class=\"boldRowInner\"><div class=\"rowItem col-md-6 col-sm-12 btTextLeft btMiddleVertical btDoublePadding wBackground cover\" style=\"background-size: auto; background-position: center bottom;background-image: url(https:\/\/laniverdiere.com\/wp-content\/uploads\/2016\/06\/fond-etiq2.png);background-color: rgba(180, 39, 47, 1);\" ><div class=\"rowItemContent\" ><div class=\"btClear btSeparator topSpaced noBorder\" ><hr><\/div><header class=\"header btClear large btDash topDash  btAccentDash\" ><div class=\"btSuperTitle\">La dame de coeur<\/div><div class=\"dash\"><h2><span class=\"headline\">Clos la Niverdi\u00e8re<\/span><\/h2><\/div><\/header><div class=\"btText\" ><\/p>\n<p>La Niverdi\u00e8re est un ensemble de 7ha50 de diff\u00e9rents terroirs en AOC Chinon en conversion \u00e0 l&rsquo;agriculture biologique.<\/p>\n<p>4ha50 de cabernet franc se trouvent\u00a0 sur les communes de Cravant les Coteaux, Chinon , 3ha au sein du Clos \u00ab La Niverdi\u00e8re \u00bb \u00e0 Beaumont en V\u00e9ron.<\/p>\n<p>Les vignes de Cravant les Coteaux sont plant\u00e9es sur 2 types de sol:<br \/>\n\u2022 Les \u00ab Sablons de la Vienne \u00bb ; les fameux graviers et sables m\u00e9lang\u00e9s des \u00ab Granges \u00bb et des \u00ab Maisons Bourdeaux \u00bb<br \/>\n\u2022 Les bas-coteaux, argilo \u2013calcaire au lieu dit \u00ab Rustauderies \u00bb sur les hauts de Cravant<\/p>\n<p>Les vignes de Chinon et Beaumont-en-V\u00e9ron se trouvent sur un m\u00eame type de sol dites \u00ab Terres douces \u00bb, un m\u00e9lange de sables calcaires et colluvions calcaires.<\/p>\n<p>\n<\/div><div class=\"btClear btSeparator topSmallSpaced noBorder\" ><hr><\/div><div class=\"btClear btSeparator topSpaced noBorder\" ><hr><\/div><\/div><\/div><div class=\"rowItem col-md-6 col-sm-12 btTextLeft inherit btNoPadding\" style=\"background-color: rgba(180, 39, 47, 1);\" ><div class=\"rowItemContent\" ><div class=\"slided mediumSliderHeight btSliderHideArrows\"  data-slick='{ \"lazyLoad\": \"progressive\", \"cssEase\": \"ease-out\", \"speed\": \"600\", \"autoplay\": true, \"autoplaySpeed\": 3000, \"dots\": true}' data-simple_arrows=\"no\"><div class=\"slidedItem firstItem\"  data-thumb=\"https:\/\/laniverdiere.com\/wp-content\/uploads\/2016\/03\/martine-320x240.jpg\"><div class=\"btSliderPort wBackground cover\" style=\"background-image: url('https:\/\/laniverdiere.com\/wp-content\/uploads\/2016\/03\/martine.jpg')\"><div class=\"btSliderCell\" data-slick=\"yes\"><div class=\"btSlideGutter\"><div class=\"btSlidePane\"><\/div><\/div><\/div><\/div><\/div><div class=\"slidedItem firstItem\"  data-thumb=\"https:\/\/laniverdiere.com\/wp-content\/uploads\/2016\/03\/cave-320x240.jpg\"><div class=\"btSliderPort wBackground cover\" style=\"background-image: url('https:\/\/laniverdiere.com\/wp-content\/uploads\/2016\/03\/cave.jpg')\"><div class=\"btSliderCell\" data-slick=\"yes\"><div class=\"btSlideGutter\"><div class=\"btSlidePane\"><\/div><\/div><\/div><\/div><\/div><div class=\"slidedItem firstItem\"  data-thumb=\"https:\/\/laniverdiere.com\/wp-content\/uploads\/2016\/03\/martine-1-320x240.jpg\"><div class=\"btSliderPort wBackground cover\" style=\"background-image: url('https:\/\/laniverdiere.com\/wp-content\/uploads\/2016\/03\/martine-1.jpg')\"><div class=\"btSliderCell\" data-slick=\"yes\"><div class=\"btSlideGutter\"><div class=\"btSlidePane\"><\/div><\/div><\/div><\/div><\/div><\/div><\/div><\/div><\/div><\/div><\/div><\/div><\/div><\/section><section id=\"bt_section69d258660ea11\"  class=\"boldSection btDarkSkin inherit\" style=\"background: #D3C1B3;\"><div class=\"port\"><div class=\"boldCell\"><div class=\"boldCellInner\"><div class=\"boldRow\" ><div class=\"boldRowInner\"><div class=\"rowItem col-md-3 col-sm-6 col-ms-12 btTextLeft inherit btDoublePadding\" style=\"background-color: rgba(211, 193, 179, 1);\" ><div class=\"rowItemContent\" style = \"background-color:#d3c1b3;\"><div class=\"btIconImageRow btIconsHalfHoverPosition\" ><span class=\"btIco btIcoFilledType btIcoMediumSize btIcoAccentColor\" ><span  data-ico-fa=\"&#xf040;\" class=\"btIcoHolder\"><em><\/em><\/span><\/span><\/div><div class=\"btClear btSeparator topSmallSpaced noBorder\" ><hr><\/div><header class=\"header btClear huge  btNormalDash\" ><div class=\"btSuperTitle\">Palimpseste<\/div><\/header><div class=\"btText\" ><\/p>\n<p>R\u00e9\u00e9crire sa propre histoire sur un lieu historique, marquer de son sceau l\u2019illustre vignoble,<br \/>\npour laisser, elle aussi, son empreinte\u2026<\/p>\n<p>\n<\/div><div class=\"btClear btSeparator topSemiSpaced bottomSmallSpaced noBorder\" ><hr><\/div><\/div><\/div><div class=\"rowItem col-md-3 col-sm-6 col-ms-12 btTextLeft inherit btDoublePadding\" style=\"background-color: rgba(201, 183, 169, 1);\" ><div class=\"rowItemContent\" style = \"background-color:#c9b7a9;\"><div class=\"btIconImageRow btIconsHalfHoverPosition\" ><span class=\"btIco btIcoFilledType btIcoMediumSize btIcoAccentColor\" ><span  data-ico-fa=\"&#xf021;\" class=\"btIcoHolder\"><em><\/em><\/span><\/span><\/div><div class=\"btClear btSeparator topSmallSpaced noBorder\" ><hr><\/div><header class=\"header btClear huge  btNormalDash\" ><div class=\"btSuperTitle\">R\u00e9silience<\/div><\/header><div class=\"btText\" ><\/p>\n<p>A l\u2019image du Ph\u00e9nix, Martine entame une 2\u00e8me vie et s\u2019approprie un lieu charg\u00e9 d\u2019histoire.<br \/>\nElle rebondit malgr\u00e9 les \u00e9cueils de la vie et entreprend un nouveau chemin.<\/p>\n<p>\n<\/div><div class=\"btClear btSeparator topSemiSpaced bottomSmallSpaced noBorder\" ><hr><\/div><\/div><\/div><div class=\"rowItem col-md-3 col-sm-6 col-ms-12 btTextLeft inherit btDoublePadding\" style=\"background-color: rgba(211, 193, 179, 1);\" ><div class=\"rowItemContent\" ><div class=\"btIconImageRow btIconsHalfHoverPosition\" ><span class=\"btIco btIcoFilledType btIcoMediumSize btIcoAccentColor\" ><span  data-ico-fa=\"&#xf004;\" class=\"btIcoHolder\"><em><\/em><\/span><\/span><\/div><div class=\"btClear btSeparator topSmallSpaced noBorder\" ><hr><\/div><header class=\"header btClear huge  btNormalDash\" ><div class=\"btSuperTitle\">Renaissance<\/div><\/header><div class=\"btText\" ><\/p>\n<p>La Renaissance fait partie int\u00e9grante de l\u2019histoire de Chinon et de sa localisation.<br \/>\nParall\u00e8lement, cette \u00ab Renaissance\u00bb fait \u00e9cho \u00e0 l\u2019histoire personnelle de Martine.<\/p>\n<p>\n<\/div><div class=\"btClear btSeparator topSemiSpaced bottomSmallSpaced noBorder\" ><hr><\/div><\/div><\/div><div class=\"rowItem col-md-3 col-sm-6 col-ms-12 btTextLeft inherit btDoublePadding\" style=\"background-color: rgba(201, 183, 169, 1);\" ><div class=\"rowItemContent\" ><div class=\"btIconImageRow btIconsHalfHoverPosition\" ><span class=\"btIco btIcoFilledType btIcoMediumSize btIcoAccentColor\" ><span  data-ico-fa=\"&#xf015;\" class=\"btIcoHolder\"><em><\/em><\/span><\/span><\/div><div class=\"btClear btSeparator topSmallSpaced noBorder\" ><hr><\/div><header class=\"header btClear huge  btNormalDash\" ><div class=\"btSuperTitle\">Clos la Niverdi\u00e8re<\/div><\/header><div class=\"btText\" ><\/p>\n<p>7 rue de Danzay -95 rue du V\u00e9ron<br \/>\n37420 Beaumont en V\u00e9ron<br \/>\nlaniverdiere@orange.fr<br \/>\n0247970560 | 0670632866<\/p>\n<p>\n<\/div><div class=\"btClear btSeparator topSemiSpaced bottomSmallSpaced noBorder\" ><hr><\/div><\/div><\/div><\/div><\/div><\/div><\/div><\/div><\/section><\/p>","protected":false},"excerpt":{"rendered":"","protected":false},"author":1,"featured_media":0,"parent":0,"menu_order":0,"comment_status":"closed","ping_status":"closed","template":"","meta":{"footnotes":""},"class_list":["post-356","page","type-page","status-publish","hentry"],"yoast_head":"<!-- This site is optimized with the Yoast SEO plugin v27.3 - https:\/\/yoast.com\/product\/yoast-seo-wordpress\/ -->\n<title>LE CLOS - Laniverdiere<\/title>\n<meta name=\"robots\" content=\"index, follow, max-snippet:-1, max-image-preview:large, max-video-preview:-1\" \/>\n<link rel=\"canonical\" href=\"http:\/\/laniverdiere.com\/en\/le-clos\/\" \/>\n<meta property=\"og:locale\" content=\"en_US\" \/>\n<meta property=\"og:type\" content=\"article\" \/>\n<meta property=\"og:title\" content=\"LE CLOS - Laniverdiere\" \/>\n<meta property=\"og:url\" content=\"http:\/\/laniverdiere.com\/en\/le-clos\/\" \/>\n<meta property=\"og:site_name\" content=\"Laniverdiere\" \/>\n<meta property=\"article:modified_time\" content=\"2025-06-04T15:23:09+00:00\" \/>\n<meta name=\"twitter:card\" content=\"summary_large_image\" \/>\n<meta name=\"twitter:label1\" content=\"Est. reading time\" \/>\n\t<meta name=\"twitter:data1\" content=\"2 minutes\" \/>\n<script type=\"application\/ld+json\" class=\"yoast-schema-graph\">{\"@context\":\"https:\\\/\\\/schema.org\",\"@graph\":[{\"@type\":\"WebPage\",\"@id\":\"http:\\\/\\\/laniverdiere.com\\\/le-clos\\\/\",\"url\":\"http:\\\/\\\/laniverdiere.com\\\/le-clos\\\/\",\"name\":\"LE CLOS - Laniverdiere\",\"isPartOf\":{\"@id\":\"http:\\\/\\\/laniverdiere.com\\\/#website\"},\"datePublished\":\"2016-03-04T10:09:39+00:00\",\"dateModified\":\"2025-06-04T15:23:09+00:00\",\"breadcrumb\":{\"@id\":\"http:\\\/\\\/laniverdiere.com\\\/le-clos\\\/#breadcrumb\"},\"inLanguage\":\"en-US\",\"potentialAction\":[{\"@type\":\"ReadAction\",\"target\":[\"http:\\\/\\\/laniverdiere.com\\\/le-clos\\\/\"]}]},{\"@type\":\"BreadcrumbList\",\"@id\":\"http:\\\/\\\/laniverdiere.com\\\/le-clos\\\/#breadcrumb\",\"itemListElement\":[{\"@type\":\"ListItem\",\"position\":1,\"name\":\"Accueil\",\"item\":\"http:\\\/\\\/laniverdiere.com\\\/\"},{\"@type\":\"ListItem\",\"position\":2,\"name\":\"LE CLOS\"}]},{\"@type\":\"WebSite\",\"@id\":\"http:\\\/\\\/laniverdiere.com\\\/#website\",\"url\":\"http:\\\/\\\/laniverdiere.com\\\/\",\"name\":\"Laniverdiere\",\"description\":\"Le coeur \u00e0 l&#039;ouvrage\",\"potentialAction\":[{\"@type\":\"SearchAction\",\"target\":{\"@type\":\"EntryPoint\",\"urlTemplate\":\"http:\\\/\\\/laniverdiere.com\\\/?s={search_term_string}\"},\"query-input\":{\"@type\":\"PropertyValueSpecification\",\"valueRequired\":true,\"valueName\":\"search_term_string\"}}],\"inLanguage\":\"en-US\"}]}<\/script>\n<!-- \/ Yoast SEO plugin. -->","yoast_head_json":{"title":"LE CLOS - Laniverdiere","robots":{"index":"index","follow":"follow","max-snippet":"max-snippet:-1","max-image-preview":"max-image-preview:large","max-video-preview":"max-video-preview:-1"},"canonical":"http:\/\/laniverdiere.com\/en\/le-clos\/","og_locale":"en_US","og_type":"article","og_title":"LE CLOS - Laniverdiere","og_url":"http:\/\/laniverdiere.com\/en\/le-clos\/","og_site_name":"Laniverdiere","article_modified_time":"2025-06-04T15:23:09+00:00","twitter_card":"summary_large_image","twitter_misc":{"Est. reading time":"2 minutes"},"schema":{"@context":"https:\/\/schema.org","@graph":[{"@type":"WebPage","@id":"http:\/\/laniverdiere.com\/le-clos\/","url":"http:\/\/laniverdiere.com\/le-clos\/","name":"LE CLOS - Laniverdiere","isPartOf":{"@id":"http:\/\/laniverdiere.com\/#website"},"datePublished":"2016-03-04T10:09:39+00:00","dateModified":"2025-06-04T15:23:09+00:00","breadcrumb":{"@id":"http:\/\/laniverdiere.com\/le-clos\/#breadcrumb"},"inLanguage":"en-US","potentialAction":[{"@type":"ReadAction","target":["http:\/\/laniverdiere.com\/le-clos\/"]}]},{"@type":"BreadcrumbList","@id":"http:\/\/laniverdiere.com\/le-clos\/#breadcrumb","itemListElement":[{"@type":"ListItem","position":1,"name":"Accueil","item":"http:\/\/laniverdiere.com\/"},{"@type":"ListItem","position":2,"name":"LE CLOS"}]},{"@type":"WebSite","@id":"http:\/\/laniverdiere.com\/#website","url":"http:\/\/laniverdiere.com\/","name":"Laniverdiere","description":"With heart and soul in the work","potentialAction":[{"@type":"SearchAction","target":{"@type":"EntryPoint","urlTemplate":"http:\/\/laniverdiere.com\/?s={search_term_string}"},"query-input":{"@type":"PropertyValueSpecification","valueRequired":true,"valueName":"search_term_string"}}],"inLanguage":"en-US"}]}},"_links":{"self":[{"href":"https:\/\/laniverdiere.com\/en\/wp-json\/wp\/v2\/pages\/356","targetHints":{"allow":["GET"]}}],"collection":[{"href":"https:\/\/laniverdiere.com\/en\/wp-json\/wp\/v2\/pages"}],"about":[{"href":"https:\/\/laniverdiere.com\/en\/wp-json\/wp\/v2\/types\/page"}],"author":[{"embeddable":true,"href":"https:\/\/laniverdiere.com\/en\/wp-json\/wp\/v2\/users\/1"}],"replies":[{"embeddable":true,"href":"https:\/\/laniverdiere.com\/en\/wp-json\/wp\/v2\/comments?post=356"}],"version-history":[{"count":68,"href":"https:\/\/laniverdiere.com\/en\/wp-json\/wp\/v2\/pages\/356\/revisions"}],"predecessor-version":[{"id":1344,"href":"https:\/\/laniverdiere.com\/en\/wp-json\/wp\/v2\/pages\/356\/revisions\/1344"}],"wp:attachment":[{"href":"https:\/\/laniverdiere.com\/en\/wp-json\/wp\/v2\/media?parent=356"}],"curies":[{"name":"wp","href":"https:\/\/api.w.org\/{rel}","templated":true}]}}