{"id":1257,"date":"2024-10-23T15:54:48","date_gmt":"2024-10-23T13:54:48","guid":{"rendered":"https:\/\/www.laniverdiere.com\/?post_type=product&#038;p=1257"},"modified":"2025-11-18T19:05:19","modified_gmt":"2025-11-18T18:05:19","slug":"rose-brut","status":"publish","type":"product","link":"https:\/\/laniverdiere.com\/en\/product\/rose-brut\/","title":{"rendered":"Brut Ros\u00e9"},"content":{"rendered":"<div class=\"row\">\n<div class=\"col-12 col-sm-6\">\n<p><strong>TERROIR<\/strong> :\u00a0<strong>\u00ab&quot;Gentle Lands&quot;, ,<\/strong> a mixture of calcareous sands and calcareous colluvium, a not very deep horizon and a subsoil of white tuffeaux.<br \/>\n<strong>GRAPE VARIETY<\/strong> : 100% Cabernet Franc<br \/>\n<strong>WINEMAKING<\/strong> :This one-shot was produced, according to the champagne method, from a ros\u00e9 de saign\u00e9e, from the Palimpseste cuv\u00e9e.<\/p>\n<\/div>\n<div class=\"col-12 col-sm-6\">\n<p><strong>CHARACTER<\/strong> : An extra raw bubble of gastronomy.<\/p>\n<\/div>\n<\/div>\n<div id=\"sconnect-is-installed\">2.15.0.0<\/div>","protected":false},"excerpt":{"rendered":"<div class=\"page\" title=\"Page 1\">\n<div class=\"section\">\n<div class=\"layoutArea\">\n<div class=\"column\">\n<p>Deep pink color with delicate salmon highlights. Fine, intense and persistent bubbles.<br \/>\nPronounced aromas of ripe apricots and nectarines. Evolving into notes of currants and fresh hazelnuts.<br \/>\nThe palate is marked by the balance of a tender and effervescent attack, evolving towards fleshiness and roundness, then extending into a slightly refreshing astringency.<br \/>\nSlightly tangy nuances in the finish.<\/p>\n<\/div>\n<\/div>\n<\/div>\n<\/div>\n<div id=\"sconnect-is-installed\">2.15.0.0<\/div>","protected":false},"featured_media":1263,"template":"","meta":[],"product_brand":[],"product_cat":[44,35],"product_tag":[],"class_list":{"0":"post-1257","1":"product","2":"type-product","3":"status-publish","4":"has-post-thumbnail","6":"product_cat-bouteille","7":"product_cat-vins","9":"first","10":"instock","11":"taxable","12":"shipping-taxable","13":"purchasable","14":"product-type-variable"},"yoast_head":"<!-- This site is optimized with the Yoast SEO plugin v27.3 - https:\/\/yoast.com\/product\/yoast-seo-wordpress\/ -->\n<title>Ros\u00e9 Brut - Laniverdiere<\/title>\n<meta name=\"robots\" content=\"index, follow, max-snippet:-1, max-image-preview:large, max-video-preview:-1\" \/>\n<link rel=\"canonical\" href=\"http:\/\/laniverdiere.com\/en\/product\/rose-brut\/\" \/>\n<meta property=\"og:locale\" content=\"en_US\" \/>\n<meta property=\"og:type\" content=\"article\" \/>\n<meta property=\"og:title\" content=\"Ros\u00e9 Brut - Laniverdiere\" \/>\n<meta property=\"og:description\" content=\"Robe rose\u0301e soutenue aux de\u0301licats reflets saumone\u0301s. Bulle fine, intense et persistante. Ar\u00f4mes prononce\u0301s d&#039;abricots murs et de nectarines. \u00c9volution sur des notes de groseilles et de noisettes fraiches. Bouche marque\u0301e par l&#039;e\u0301quilibre d&#039;une attaque tendre et effervescente, e\u0301voluant sur le charnu et la rondeur puis se prolongeant sur une le\u0301ge\u0300re astringence rafraichissante. Le\u0301ge\u0300res nuances acidule\u0301es en finale.      2.15.0.0\" \/>\n<meta property=\"og:url\" content=\"http:\/\/laniverdiere.com\/en\/product\/rose-brut\/\" \/>\n<meta property=\"og:site_name\" content=\"Laniverdiere\" \/>\n<meta property=\"article:modified_time\" content=\"2025-11-18T18:05:19+00:00\" \/>\n<meta property=\"og:image\" content=\"http:\/\/laniverdiere.com\/wp-content\/uploads\/2024\/10\/Laniverdeiere_rose.min_.jpg\" \/>\n\t<meta property=\"og:image:width\" content=\"1140\" \/>\n\t<meta property=\"og:image:height\" content=\"1400\" \/>\n\t<meta property=\"og:image:type\" content=\"image\/jpeg\" \/>\n<meta name=\"twitter:card\" content=\"summary_large_image\" \/>\n<meta name=\"twitter:label1\" content=\"Est. reading time\" \/>\n\t<meta name=\"twitter:data1\" content=\"1 minute\" \/>\n<script type=\"application\/ld+json\" class=\"yoast-schema-graph\">{\"@context\":\"https:\\\/\\\/schema.org\",\"@graph\":[{\"@type\":\"WebPage\",\"@id\":\"http:\\\/\\\/laniverdiere.com\\\/produit\\\/rose-brut\\\/\",\"url\":\"http:\\\/\\\/laniverdiere.com\\\/produit\\\/rose-brut\\\/\",\"name\":\"Ros\u00e9 Brut - Laniverdiere\",\"isPartOf\":{\"@id\":\"http:\\\/\\\/laniverdiere.com\\\/#website\"},\"primaryImageOfPage\":{\"@id\":\"http:\\\/\\\/laniverdiere.com\\\/produit\\\/rose-brut\\\/#primaryimage\"},\"image\":{\"@id\":\"http:\\\/\\\/laniverdiere.com\\\/produit\\\/rose-brut\\\/#primaryimage\"},\"thumbnailUrl\":\"https:\\\/\\\/laniverdiere.com\\\/wp-content\\\/uploads\\\/2024\\\/10\\\/Laniverdeiere_rose.min_.jpg\",\"datePublished\":\"2024-10-23T13:54:48+00:00\",\"dateModified\":\"2025-11-18T18:05:19+00:00\",\"breadcrumb\":{\"@id\":\"http:\\\/\\\/laniverdiere.com\\\/produit\\\/rose-brut\\\/#breadcrumb\"},\"inLanguage\":\"en-US\",\"potentialAction\":[{\"@type\":\"ReadAction\",\"target\":[\"http:\\\/\\\/laniverdiere.com\\\/produit\\\/rose-brut\\\/\"]}]},{\"@type\":\"ImageObject\",\"inLanguage\":\"en-US\",\"@id\":\"http:\\\/\\\/laniverdiere.com\\\/produit\\\/rose-brut\\\/#primaryimage\",\"url\":\"https:\\\/\\\/laniverdiere.com\\\/wp-content\\\/uploads\\\/2024\\\/10\\\/Laniverdeiere_rose.min_.jpg\",\"contentUrl\":\"https:\\\/\\\/laniverdiere.com\\\/wp-content\\\/uploads\\\/2024\\\/10\\\/Laniverdeiere_rose.min_.jpg\",\"width\":1140,\"height\":1400,\"caption\":\"Ros\u00e9 Brut\"},{\"@type\":\"BreadcrumbList\",\"@id\":\"http:\\\/\\\/laniverdiere.com\\\/produit\\\/rose-brut\\\/#breadcrumb\",\"itemListElement\":[{\"@type\":\"ListItem\",\"position\":1,\"name\":\"Accueil\",\"item\":\"http:\\\/\\\/laniverdiere.com\\\/\"},{\"@type\":\"ListItem\",\"position\":2,\"name\":\"BOUTIQUE\",\"item\":\"http:\\\/\\\/laniverdiere.com\\\/boutique\\\/\"},{\"@type\":\"ListItem\",\"position\":3,\"name\":\"Ros\u00e9 Brut\"}]},{\"@type\":\"WebSite\",\"@id\":\"http:\\\/\\\/laniverdiere.com\\\/#website\",\"url\":\"http:\\\/\\\/laniverdiere.com\\\/\",\"name\":\"Laniverdiere\",\"description\":\"Le coeur \u00e0 l&#039;ouvrage\",\"potentialAction\":[{\"@type\":\"SearchAction\",\"target\":{\"@type\":\"EntryPoint\",\"urlTemplate\":\"http:\\\/\\\/laniverdiere.com\\\/?s={search_term_string}\"},\"query-input\":{\"@type\":\"PropertyValueSpecification\",\"valueRequired\":true,\"valueName\":\"search_term_string\"}}],\"inLanguage\":\"en-US\"}]}<\/script>\n<!-- \/ Yoast SEO plugin. -->","yoast_head_json":{"title":"Ros\u00e9 Brut - Laniverdiere","robots":{"index":"index","follow":"follow","max-snippet":"max-snippet:-1","max-image-preview":"max-image-preview:large","max-video-preview":"max-video-preview:-1"},"canonical":"http:\/\/laniverdiere.com\/en\/product\/rose-brut\/","og_locale":"en_US","og_type":"article","og_title":"Ros\u00e9 Brut - Laniverdiere","og_description":"Robe rose\u0301e soutenue aux de\u0301licats reflets saumone\u0301s. Bulle fine, intense et persistante. Ar\u00f4mes prononce\u0301s d'abricots murs et de nectarines. \u00c9volution sur des notes de groseilles et de noisettes fraiches. Bouche marque\u0301e par l'e\u0301quilibre d'une attaque tendre et effervescente, e\u0301voluant sur le charnu et la rondeur puis se prolongeant sur une le\u0301ge\u0300re astringence rafraichissante. Le\u0301ge\u0300res nuances acidule\u0301es en finale.      2.15.0.0","og_url":"http:\/\/laniverdiere.com\/en\/product\/rose-brut\/","og_site_name":"Laniverdiere","article_modified_time":"2025-11-18T18:05:19+00:00","og_image":[{"width":1140,"height":1400,"url":"http:\/\/laniverdiere.com\/wp-content\/uploads\/2024\/10\/Laniverdeiere_rose.min_.jpg","type":"image\/jpeg"}],"twitter_card":"summary_large_image","twitter_misc":{"Est. reading time":"1 minute"},"schema":{"@context":"https:\/\/schema.org","@graph":[{"@type":"WebPage","@id":"http:\/\/laniverdiere.com\/produit\/rose-brut\/","url":"http:\/\/laniverdiere.com\/produit\/rose-brut\/","name":"Ros\u00e9 Brut - Laniverdiere","isPartOf":{"@id":"http:\/\/laniverdiere.com\/#website"},"primaryImageOfPage":{"@id":"http:\/\/laniverdiere.com\/produit\/rose-brut\/#primaryimage"},"image":{"@id":"http:\/\/laniverdiere.com\/produit\/rose-brut\/#primaryimage"},"thumbnailUrl":"https:\/\/laniverdiere.com\/wp-content\/uploads\/2024\/10\/Laniverdeiere_rose.min_.jpg","datePublished":"2024-10-23T13:54:48+00:00","dateModified":"2025-11-18T18:05:19+00:00","breadcrumb":{"@id":"http:\/\/laniverdiere.com\/produit\/rose-brut\/#breadcrumb"},"inLanguage":"en-US","potentialAction":[{"@type":"ReadAction","target":["http:\/\/laniverdiere.com\/produit\/rose-brut\/"]}]},{"@type":"ImageObject","inLanguage":"en-US","@id":"http:\/\/laniverdiere.com\/produit\/rose-brut\/#primaryimage","url":"https:\/\/laniverdiere.com\/wp-content\/uploads\/2024\/10\/Laniverdeiere_rose.min_.jpg","contentUrl":"https:\/\/laniverdiere.com\/wp-content\/uploads\/2024\/10\/Laniverdeiere_rose.min_.jpg","width":1140,"height":1400,"caption":"Ros\u00e9 Brut"},{"@type":"BreadcrumbList","@id":"http:\/\/laniverdiere.com\/produit\/rose-brut\/#breadcrumb","itemListElement":[{"@type":"ListItem","position":1,"name":"Accueil","item":"http:\/\/laniverdiere.com\/"},{"@type":"ListItem","position":2,"name":"BOUTIQUE","item":"http:\/\/laniverdiere.com\/boutique\/"},{"@type":"ListItem","position":3,"name":"Ros\u00e9 Brut"}]},{"@type":"WebSite","@id":"http:\/\/laniverdiere.com\/#website","url":"http:\/\/laniverdiere.com\/","name":"Laniverdiere","description":"With heart and soul in the work","potentialAction":[{"@type":"SearchAction","target":{"@type":"EntryPoint","urlTemplate":"http:\/\/laniverdiere.com\/?s={search_term_string}"},"query-input":{"@type":"PropertyValueSpecification","valueRequired":true,"valueName":"search_term_string"}}],"inLanguage":"en-US"}]}},"_links":{"self":[{"href":"https:\/\/laniverdiere.com\/en\/wp-json\/wp\/v2\/product\/1257","targetHints":{"allow":["GET"]}}],"collection":[{"href":"https:\/\/laniverdiere.com\/en\/wp-json\/wp\/v2\/product"}],"about":[{"href":"https:\/\/laniverdiere.com\/en\/wp-json\/wp\/v2\/types\/product"}],"wp:featuredmedia":[{"embeddable":true,"href":"https:\/\/laniverdiere.com\/en\/wp-json\/wp\/v2\/media\/1263"}],"wp:attachment":[{"href":"https:\/\/laniverdiere.com\/en\/wp-json\/wp\/v2\/media?parent=1257"}],"wp:term":[{"taxonomy":"product_brand","embeddable":true,"href":"https:\/\/laniverdiere.com\/en\/wp-json\/wp\/v2\/product_brand?post=1257"},{"taxonomy":"product_cat","embeddable":true,"href":"https:\/\/laniverdiere.com\/en\/wp-json\/wp\/v2\/product_cat?post=1257"},{"taxonomy":"product_tag","embeddable":true,"href":"https:\/\/laniverdiere.com\/en\/wp-json\/wp\/v2\/product_tag?post=1257"}],"curies":[{"name":"wp","href":"https:\/\/api.w.org\/{rel}","templated":true}]}}