{"id":745,"date":"2021-03-31T11:15:23","date_gmt":"2021-03-31T09:15:23","guid":{"rendered":"http:\/\/www.laniverdiere.com\/?post_type=product&#038;p=745"},"modified":"2025-11-18T18:47:33","modified_gmt":"2025-11-18T17:47:33","slug":"renaissance","status":"publish","type":"product","link":"https:\/\/laniverdiere.com\/en\/product\/renaissance\/","title":{"rendered":"Renaissance"},"content":{"rendered":"<div class=\"row\">\n<div class=\"col-12 col-sm-6\">\n<p><strong>TERROIR<\/strong> Mixed gravel and sand on a clay-siliceous subsoil<br \/>\n<strong>GRAPE VARIETY<\/strong> Cabernet franc<br \/>\n<strong>WINEMAKING<\/strong> Hand-harvested. Fermentation of the must begins spontaneously thanks to indigenous yeasts. Maceration lasts 20 days. The Cabernet Franc is vinified in truncated conical vats made of raw concrete.<\/p>\n<\/div>\n<div class=\"col-12 col-sm-6\">\n<p><strong>CHARACTER<\/strong> The wine&#039;s lovely red robe, with hints of Morello cherry, is tinged with golden hues. The initial nose, delicate and discreet, opens with notes of strawberry jam and quickly evolves to reveal aromas of ripe plum, cinnamon, and gingerbread. The palate, with its supple and rounded attack, is prolonged by the elegance of youthful, firm tannins on the finish. The wine&#039;s beautiful overall balance is subtly underscored by notes of Morello cherry and plum.<\/p>\n<\/div>\n<\/div>\n<div id=\"sconnect-is-installed\"><\/div>\n<div id=\"sconnect-is-installed\"><\/div>\n<div id=\"sconnect-is-installed\"><\/div>\n<div id=\"sconnect-is-installed\">2.14.0.0<\/div>\n<div id=\"sconnect-is-installed\">2.14.0.0<\/div>\n<div id=\"sconnect-is-installed\">2.15.0.0<\/div>","protected":false},"excerpt":{"rendered":"<p>A brilliant wine with fine tannins that perfectly reflect the terroir of Cravant les Coteaux. A fruity and easy-drinking vintage.<br \/>\nA wine for enjoyment that will perfectly complement a plate of charcuterie, grilled meats, a Touraine goat cheese or homemade roast poultry, or even a cod loin.<\/p>\n<div id=\"sconnect-is-installed\"><\/div>\n<div id=\"sconnect-is-installed\"><\/div>\n<div id=\"sconnect-is-installed\"><\/div>\n<div id=\"sconnect-is-installed\">2.14.0.0<\/div>\n<div id=\"sconnect-is-installed\">2.14.0.0<\/div>\n<div id=\"sconnect-is-installed\">2.15.0.0<\/div>","protected":false},"featured_media":663,"template":"","meta":[],"product_brand":[],"product_cat":[44,35],"product_tag":[],"class_list":{"0":"post-745","1":"product","2":"type-product","3":"status-publish","4":"has-post-thumbnail","6":"product_cat-bouteille","7":"product_cat-vins","9":"first","10":"instock","11":"taxable","12":"shipping-taxable","13":"purchasable","14":"product-type-variable"},"yoast_head":"<!-- This site is optimized with the Yoast SEO plugin v27.3 - https:\/\/yoast.com\/product\/yoast-seo-wordpress\/ -->\n<title>Renaissance - Laniverdiere<\/title>\n<meta name=\"robots\" content=\"index, follow, max-snippet:-1, max-image-preview:large, max-video-preview:-1\" \/>\n<link rel=\"canonical\" href=\"http:\/\/laniverdiere.com\/en\/product\/renaissance\/\" \/>\n<meta property=\"og:locale\" content=\"en_US\" \/>\n<meta property=\"og:type\" content=\"article\" \/>\n<meta property=\"og:title\" content=\"Renaissance - Laniverdiere\" \/>\n<meta property=\"og:description\" content=\"Une robe brillante avec des tanins fins qui refl\u00e8tent bien les terroirs de Cravant les Coteaux. Une cuv\u00e9e fruit\u00e9e et gouleyante. Un vin de plaisir qui accompagnera parfaitement une assiette de charcuterie, des grillades, un ch\u00e8vre de Touraine ou des volailles r\u00f4ties maison, voire un dos de cabillaud.    2.14.0.0 2.14.0.0 2.15.0.0\" \/>\n<meta property=\"og:url\" content=\"http:\/\/laniverdiere.com\/en\/product\/renaissance\/\" \/>\n<meta property=\"og:site_name\" content=\"Laniverdiere\" \/>\n<meta property=\"article:modified_time\" content=\"2025-11-18T17:47:33+00:00\" \/>\n<meta property=\"og:image\" content=\"http:\/\/laniverdiere.com\/wp-content\/uploads\/2016\/03\/renaissance.jpg\" \/>\n\t<meta property=\"og:image:width\" content=\"1140\" \/>\n\t<meta property=\"og:image:height\" content=\"1400\" \/>\n\t<meta property=\"og:image:type\" content=\"image\/jpeg\" \/>\n<meta name=\"twitter:card\" content=\"summary_large_image\" \/>\n<meta name=\"twitter:label1\" content=\"Est. reading time\" \/>\n\t<meta name=\"twitter:data1\" content=\"1 minute\" \/>\n<script type=\"application\/ld+json\" class=\"yoast-schema-graph\">{\"@context\":\"https:\\\/\\\/schema.org\",\"@graph\":[{\"@type\":\"WebPage\",\"@id\":\"http:\\\/\\\/laniverdiere.com\\\/produit\\\/renaissance\\\/\",\"url\":\"http:\\\/\\\/laniverdiere.com\\\/produit\\\/renaissance\\\/\",\"name\":\"Renaissance - Laniverdiere\",\"isPartOf\":{\"@id\":\"http:\\\/\\\/laniverdiere.com\\\/#website\"},\"primaryImageOfPage\":{\"@id\":\"http:\\\/\\\/laniverdiere.com\\\/produit\\\/renaissance\\\/#primaryimage\"},\"image\":{\"@id\":\"http:\\\/\\\/laniverdiere.com\\\/produit\\\/renaissance\\\/#primaryimage\"},\"thumbnailUrl\":\"https:\\\/\\\/laniverdiere.com\\\/wp-content\\\/uploads\\\/2016\\\/03\\\/renaissance.jpg\",\"datePublished\":\"2021-03-31T09:15:23+00:00\",\"dateModified\":\"2025-11-18T17:47:33+00:00\",\"breadcrumb\":{\"@id\":\"http:\\\/\\\/laniverdiere.com\\\/produit\\\/renaissance\\\/#breadcrumb\"},\"inLanguage\":\"en-US\",\"potentialAction\":[{\"@type\":\"ReadAction\",\"target\":[\"http:\\\/\\\/laniverdiere.com\\\/produit\\\/renaissance\\\/\"]}]},{\"@type\":\"ImageObject\",\"inLanguage\":\"en-US\",\"@id\":\"http:\\\/\\\/laniverdiere.com\\\/produit\\\/renaissance\\\/#primaryimage\",\"url\":\"https:\\\/\\\/laniverdiere.com\\\/wp-content\\\/uploads\\\/2016\\\/03\\\/renaissance.jpg\",\"contentUrl\":\"https:\\\/\\\/laniverdiere.com\\\/wp-content\\\/uploads\\\/2016\\\/03\\\/renaissance.jpg\",\"width\":1140,\"height\":1400},{\"@type\":\"BreadcrumbList\",\"@id\":\"http:\\\/\\\/laniverdiere.com\\\/produit\\\/renaissance\\\/#breadcrumb\",\"itemListElement\":[{\"@type\":\"ListItem\",\"position\":1,\"name\":\"Accueil\",\"item\":\"http:\\\/\\\/laniverdiere.com\\\/\"},{\"@type\":\"ListItem\",\"position\":2,\"name\":\"BOUTIQUE\",\"item\":\"http:\\\/\\\/laniverdiere.com\\\/boutique\\\/\"},{\"@type\":\"ListItem\",\"position\":3,\"name\":\"Renaissance\"}]},{\"@type\":\"WebSite\",\"@id\":\"http:\\\/\\\/laniverdiere.com\\\/#website\",\"url\":\"http:\\\/\\\/laniverdiere.com\\\/\",\"name\":\"Laniverdiere\",\"description\":\"Le coeur \u00e0 l&#039;ouvrage\",\"potentialAction\":[{\"@type\":\"SearchAction\",\"target\":{\"@type\":\"EntryPoint\",\"urlTemplate\":\"http:\\\/\\\/laniverdiere.com\\\/?s={search_term_string}\"},\"query-input\":{\"@type\":\"PropertyValueSpecification\",\"valueRequired\":true,\"valueName\":\"search_term_string\"}}],\"inLanguage\":\"en-US\"}]}<\/script>\n<!-- \/ Yoast SEO plugin. -->","yoast_head_json":{"title":"Renaissance - Laniverdiere","robots":{"index":"index","follow":"follow","max-snippet":"max-snippet:-1","max-image-preview":"max-image-preview:large","max-video-preview":"max-video-preview:-1"},"canonical":"http:\/\/laniverdiere.com\/en\/product\/renaissance\/","og_locale":"en_US","og_type":"article","og_title":"Renaissance - Laniverdiere","og_description":"Une robe brillante avec des tanins fins qui refl\u00e8tent bien les terroirs de Cravant les Coteaux. Une cuv\u00e9e fruit\u00e9e et gouleyante. Un vin de plaisir qui accompagnera parfaitement une assiette de charcuterie, des grillades, un ch\u00e8vre de Touraine ou des volailles r\u00f4ties maison, voire un dos de cabillaud.    2.14.0.0 2.14.0.0 2.15.0.0","og_url":"http:\/\/laniverdiere.com\/en\/product\/renaissance\/","og_site_name":"Laniverdiere","article_modified_time":"2025-11-18T17:47:33+00:00","og_image":[{"width":1140,"height":1400,"url":"http:\/\/laniverdiere.com\/wp-content\/uploads\/2016\/03\/renaissance.jpg","type":"image\/jpeg"}],"twitter_card":"summary_large_image","twitter_misc":{"Est. reading time":"1 minute"},"schema":{"@context":"https:\/\/schema.org","@graph":[{"@type":"WebPage","@id":"http:\/\/laniverdiere.com\/produit\/renaissance\/","url":"http:\/\/laniverdiere.com\/produit\/renaissance\/","name":"Renaissance - Laniverdiere","isPartOf":{"@id":"http:\/\/laniverdiere.com\/#website"},"primaryImageOfPage":{"@id":"http:\/\/laniverdiere.com\/produit\/renaissance\/#primaryimage"},"image":{"@id":"http:\/\/laniverdiere.com\/produit\/renaissance\/#primaryimage"},"thumbnailUrl":"https:\/\/laniverdiere.com\/wp-content\/uploads\/2016\/03\/renaissance.jpg","datePublished":"2021-03-31T09:15:23+00:00","dateModified":"2025-11-18T17:47:33+00:00","breadcrumb":{"@id":"http:\/\/laniverdiere.com\/produit\/renaissance\/#breadcrumb"},"inLanguage":"en-US","potentialAction":[{"@type":"ReadAction","target":["http:\/\/laniverdiere.com\/produit\/renaissance\/"]}]},{"@type":"ImageObject","inLanguage":"en-US","@id":"http:\/\/laniverdiere.com\/produit\/renaissance\/#primaryimage","url":"https:\/\/laniverdiere.com\/wp-content\/uploads\/2016\/03\/renaissance.jpg","contentUrl":"https:\/\/laniverdiere.com\/wp-content\/uploads\/2016\/03\/renaissance.jpg","width":1140,"height":1400},{"@type":"BreadcrumbList","@id":"http:\/\/laniverdiere.com\/produit\/renaissance\/#breadcrumb","itemListElement":[{"@type":"ListItem","position":1,"name":"Accueil","item":"http:\/\/laniverdiere.com\/"},{"@type":"ListItem","position":2,"name":"BOUTIQUE","item":"http:\/\/laniverdiere.com\/boutique\/"},{"@type":"ListItem","position":3,"name":"Renaissance"}]},{"@type":"WebSite","@id":"http:\/\/laniverdiere.com\/#website","url":"http:\/\/laniverdiere.com\/","name":"Laniverdiere","description":"With heart and soul in the work","potentialAction":[{"@type":"SearchAction","target":{"@type":"EntryPoint","urlTemplate":"http:\/\/laniverdiere.com\/?s={search_term_string}"},"query-input":{"@type":"PropertyValueSpecification","valueRequired":true,"valueName":"search_term_string"}}],"inLanguage":"en-US"}]}},"_links":{"self":[{"href":"https:\/\/laniverdiere.com\/en\/wp-json\/wp\/v2\/product\/745","targetHints":{"allow":["GET"]}}],"collection":[{"href":"https:\/\/laniverdiere.com\/en\/wp-json\/wp\/v2\/product"}],"about":[{"href":"https:\/\/laniverdiere.com\/en\/wp-json\/wp\/v2\/types\/product"}],"wp:featuredmedia":[{"embeddable":true,"href":"https:\/\/laniverdiere.com\/en\/wp-json\/wp\/v2\/media\/663"}],"wp:attachment":[{"href":"https:\/\/laniverdiere.com\/en\/wp-json\/wp\/v2\/media?parent=745"}],"wp:term":[{"taxonomy":"product_brand","embeddable":true,"href":"https:\/\/laniverdiere.com\/en\/wp-json\/wp\/v2\/product_brand?post=745"},{"taxonomy":"product_cat","embeddable":true,"href":"https:\/\/laniverdiere.com\/en\/wp-json\/wp\/v2\/product_cat?post=745"},{"taxonomy":"product_tag","embeddable":true,"href":"https:\/\/laniverdiere.com\/en\/wp-json\/wp\/v2\/product_tag?post=745"}],"curies":[{"name":"wp","href":"https:\/\/api.w.org\/{rel}","templated":true}]}}