{"id":746,"date":"2021-03-31T11:44:23","date_gmt":"2021-03-31T09:44:23","guid":{"rendered":"https:\/\/www.laniverdiere.com\/?post_type=product&#038;p=746"},"modified":"2023-02-20T16:02:43","modified_gmt":"2023-02-20T15:02:43","slug":"resilience","status":"publish","type":"product","link":"https:\/\/laniverdiere.com\/en\/product\/resilience\/","title":{"rendered":"R\u00e9silience"},"content":{"rendered":"<div class=\"row\">\n<div class=\"col-12 col-sm-6\"><strong>Terroir<\/strong> Clay-limestone<br \/>\n<strong>Grape variety<\/strong>\u00a0: Cabernet Franc<br \/>\n<strong>Winemaking<\/strong>\u00a0The hand-harvested grapes are destemmed by oscillation and then sorted entirely. Fermentation of the must begins spontaneously thanks to indigenous yeasts. Maceration lasts 20 days. The Cabernet Franc is vinified in truncated conical concrete vats.<\/div>\n<div class=\"col-12 col-sm-6\"><strong>Character<\/strong>\u00a0An elegant, deep ruby-red robe with subtle hints of Havana. The initial nose is open and complex, unfolding with notes of blackcurrant buds, then evolving into aromas of fresh fig, licorice, anise, and prunes. The palate is marked by a rich, tannic, and rounded attack, confirmed by the presence of dense and powerful tannins. The flavors on the palate confirm this impression, manifesting with notes of toast and cooked fruit.<\/div>\n<\/div>\n<div id=\"sconnect-is-installed\"><\/div>\n<div id=\"sconnect-is-installed\">2.14.0.0<\/div>","protected":false},"excerpt":{"rendered":"<p>A deep color and powerful tannins characteristic of the Cravant clay-limestone soils. A wine for aging.<br \/>\nA wine for aging that will elegantly accompany dishes with sauce, such as a cheese platter.<\/p>\n<div id=\"sconnect-is-installed\"><\/div>\n<div id=\"sconnect-is-installed\">2.14.0.0<\/div>","protected":false},"featured_media":796,"template":"","meta":[],"product_brand":[],"product_cat":[44,35],"product_tag":[],"class_list":{"0":"post-746","1":"product","2":"type-product","3":"status-publish","4":"has-post-thumbnail","6":"product_cat-bouteille","7":"product_cat-vins","9":"first","10":"instock","11":"taxable","12":"shipping-taxable","13":"purchasable","14":"product-type-variable"},"yoast_head":"<!-- This site is optimized with the Yoast SEO plugin v27.3 - https:\/\/yoast.com\/product\/yoast-seo-wordpress\/ -->\n<title>R\u00e9silience - Laniverdiere<\/title>\n<meta name=\"robots\" content=\"index, follow, max-snippet:-1, max-image-preview:large, max-video-preview:-1\" \/>\n<link rel=\"canonical\" href=\"http:\/\/laniverdiere.com\/en\/product\/resilience\/\" \/>\n<meta property=\"og:locale\" content=\"en_US\" \/>\n<meta property=\"og:type\" content=\"article\" \/>\n<meta property=\"og:title\" content=\"R\u00e9silience - Laniverdiere\" \/>\n<meta property=\"og:description\" content=\"Une robe soutenue et des tanins puissants caract\u00e9ristiques des argilo-calcaires Cravantais. Une cuv\u00e9e de garde. Un vin de garde qui accompagnera en toute \u00e9l\u00e9gance des mets en sauce comme un plateau de fromage.  2.14.0.0\" \/>\n<meta property=\"og:url\" content=\"http:\/\/laniverdiere.com\/en\/product\/resilience\/\" \/>\n<meta property=\"og:site_name\" content=\"Laniverdiere\" \/>\n<meta property=\"article:modified_time\" content=\"2023-02-20T15:02:43+00:00\" \/>\n<meta property=\"og:image\" content=\"http:\/\/laniverdiere.com\/wp-content\/uploads\/2021\/03\/resilience-b.jpg\" \/>\n\t<meta property=\"og:image:width\" content=\"814\" \/>\n\t<meta property=\"og:image:height\" content=\"1000\" \/>\n\t<meta property=\"og:image:type\" content=\"image\/jpeg\" \/>\n<meta name=\"twitter:card\" content=\"summary_large_image\" \/>\n<meta name=\"twitter:label1\" content=\"Est. reading time\" \/>\n\t<meta name=\"twitter:data1\" content=\"1 minute\" \/>\n<script type=\"application\/ld+json\" class=\"yoast-schema-graph\">{\"@context\":\"https:\\\/\\\/schema.org\",\"@graph\":[{\"@type\":\"WebPage\",\"@id\":\"http:\\\/\\\/laniverdiere.com\\\/produit\\\/resilience\\\/\",\"url\":\"http:\\\/\\\/laniverdiere.com\\\/produit\\\/resilience\\\/\",\"name\":\"R\u00e9silience - Laniverdiere\",\"isPartOf\":{\"@id\":\"http:\\\/\\\/laniverdiere.com\\\/#website\"},\"primaryImageOfPage\":{\"@id\":\"http:\\\/\\\/laniverdiere.com\\\/produit\\\/resilience\\\/#primaryimage\"},\"image\":{\"@id\":\"http:\\\/\\\/laniverdiere.com\\\/produit\\\/resilience\\\/#primaryimage\"},\"thumbnailUrl\":\"https:\\\/\\\/laniverdiere.com\\\/wp-content\\\/uploads\\\/2021\\\/03\\\/resilience-b.jpg\",\"datePublished\":\"2021-03-31T09:44:23+00:00\",\"dateModified\":\"2023-02-20T15:02:43+00:00\",\"breadcrumb\":{\"@id\":\"http:\\\/\\\/laniverdiere.com\\\/produit\\\/resilience\\\/#breadcrumb\"},\"inLanguage\":\"en-US\",\"potentialAction\":[{\"@type\":\"ReadAction\",\"target\":[\"http:\\\/\\\/laniverdiere.com\\\/produit\\\/resilience\\\/\"]}]},{\"@type\":\"ImageObject\",\"inLanguage\":\"en-US\",\"@id\":\"http:\\\/\\\/laniverdiere.com\\\/produit\\\/resilience\\\/#primaryimage\",\"url\":\"https:\\\/\\\/laniverdiere.com\\\/wp-content\\\/uploads\\\/2021\\\/03\\\/resilience-b.jpg\",\"contentUrl\":\"https:\\\/\\\/laniverdiere.com\\\/wp-content\\\/uploads\\\/2021\\\/03\\\/resilience-b.jpg\",\"width\":814,\"height\":1000},{\"@type\":\"BreadcrumbList\",\"@id\":\"http:\\\/\\\/laniverdiere.com\\\/produit\\\/resilience\\\/#breadcrumb\",\"itemListElement\":[{\"@type\":\"ListItem\",\"position\":1,\"name\":\"Accueil\",\"item\":\"http:\\\/\\\/laniverdiere.com\\\/\"},{\"@type\":\"ListItem\",\"position\":2,\"name\":\"BOUTIQUE\",\"item\":\"http:\\\/\\\/laniverdiere.com\\\/boutique\\\/\"},{\"@type\":\"ListItem\",\"position\":3,\"name\":\"R\u00e9silience\"}]},{\"@type\":\"WebSite\",\"@id\":\"http:\\\/\\\/laniverdiere.com\\\/#website\",\"url\":\"http:\\\/\\\/laniverdiere.com\\\/\",\"name\":\"Laniverdiere\",\"description\":\"Le coeur \u00e0 l&#039;ouvrage\",\"potentialAction\":[{\"@type\":\"SearchAction\",\"target\":{\"@type\":\"EntryPoint\",\"urlTemplate\":\"http:\\\/\\\/laniverdiere.com\\\/?s={search_term_string}\"},\"query-input\":{\"@type\":\"PropertyValueSpecification\",\"valueRequired\":true,\"valueName\":\"search_term_string\"}}],\"inLanguage\":\"en-US\"}]}<\/script>\n<!-- \/ Yoast SEO plugin. -->","yoast_head_json":{"title":"R\u00e9silience - Laniverdiere","robots":{"index":"index","follow":"follow","max-snippet":"max-snippet:-1","max-image-preview":"max-image-preview:large","max-video-preview":"max-video-preview:-1"},"canonical":"http:\/\/laniverdiere.com\/en\/product\/resilience\/","og_locale":"en_US","og_type":"article","og_title":"R\u00e9silience - Laniverdiere","og_description":"Une robe soutenue et des tanins puissants caract\u00e9ristiques des argilo-calcaires Cravantais. Une cuv\u00e9e de garde. Un vin de garde qui accompagnera en toute \u00e9l\u00e9gance des mets en sauce comme un plateau de fromage.  2.14.0.0","og_url":"http:\/\/laniverdiere.com\/en\/product\/resilience\/","og_site_name":"Laniverdiere","article_modified_time":"2023-02-20T15:02:43+00:00","og_image":[{"width":814,"height":1000,"url":"http:\/\/laniverdiere.com\/wp-content\/uploads\/2021\/03\/resilience-b.jpg","type":"image\/jpeg"}],"twitter_card":"summary_large_image","twitter_misc":{"Est. reading time":"1 minute"},"schema":{"@context":"https:\/\/schema.org","@graph":[{"@type":"WebPage","@id":"http:\/\/laniverdiere.com\/produit\/resilience\/","url":"http:\/\/laniverdiere.com\/produit\/resilience\/","name":"R\u00e9silience - Laniverdiere","isPartOf":{"@id":"http:\/\/laniverdiere.com\/#website"},"primaryImageOfPage":{"@id":"http:\/\/laniverdiere.com\/produit\/resilience\/#primaryimage"},"image":{"@id":"http:\/\/laniverdiere.com\/produit\/resilience\/#primaryimage"},"thumbnailUrl":"https:\/\/laniverdiere.com\/wp-content\/uploads\/2021\/03\/resilience-b.jpg","datePublished":"2021-03-31T09:44:23+00:00","dateModified":"2023-02-20T15:02:43+00:00","breadcrumb":{"@id":"http:\/\/laniverdiere.com\/produit\/resilience\/#breadcrumb"},"inLanguage":"en-US","potentialAction":[{"@type":"ReadAction","target":["http:\/\/laniverdiere.com\/produit\/resilience\/"]}]},{"@type":"ImageObject","inLanguage":"en-US","@id":"http:\/\/laniverdiere.com\/produit\/resilience\/#primaryimage","url":"https:\/\/laniverdiere.com\/wp-content\/uploads\/2021\/03\/resilience-b.jpg","contentUrl":"https:\/\/laniverdiere.com\/wp-content\/uploads\/2021\/03\/resilience-b.jpg","width":814,"height":1000},{"@type":"BreadcrumbList","@id":"http:\/\/laniverdiere.com\/produit\/resilience\/#breadcrumb","itemListElement":[{"@type":"ListItem","position":1,"name":"Accueil","item":"http:\/\/laniverdiere.com\/"},{"@type":"ListItem","position":2,"name":"BOUTIQUE","item":"http:\/\/laniverdiere.com\/boutique\/"},{"@type":"ListItem","position":3,"name":"R\u00e9silience"}]},{"@type":"WebSite","@id":"http:\/\/laniverdiere.com\/#website","url":"http:\/\/laniverdiere.com\/","name":"Laniverdiere","description":"With heart and soul in the work","potentialAction":[{"@type":"SearchAction","target":{"@type":"EntryPoint","urlTemplate":"http:\/\/laniverdiere.com\/?s={search_term_string}"},"query-input":{"@type":"PropertyValueSpecification","valueRequired":true,"valueName":"search_term_string"}}],"inLanguage":"en-US"}]}},"_links":{"self":[{"href":"https:\/\/laniverdiere.com\/en\/wp-json\/wp\/v2\/product\/746","targetHints":{"allow":["GET"]}}],"collection":[{"href":"https:\/\/laniverdiere.com\/en\/wp-json\/wp\/v2\/product"}],"about":[{"href":"https:\/\/laniverdiere.com\/en\/wp-json\/wp\/v2\/types\/product"}],"wp:featuredmedia":[{"embeddable":true,"href":"https:\/\/laniverdiere.com\/en\/wp-json\/wp\/v2\/media\/796"}],"wp:attachment":[{"href":"https:\/\/laniverdiere.com\/en\/wp-json\/wp\/v2\/media?parent=746"}],"wp:term":[{"taxonomy":"product_brand","embeddable":true,"href":"https:\/\/laniverdiere.com\/en\/wp-json\/wp\/v2\/product_brand?post=746"},{"taxonomy":"product_cat","embeddable":true,"href":"https:\/\/laniverdiere.com\/en\/wp-json\/wp\/v2\/product_cat?post=746"},{"taxonomy":"product_tag","embeddable":true,"href":"https:\/\/laniverdiere.com\/en\/wp-json\/wp\/v2\/product_tag?post=746"}],"curies":[{"name":"wp","href":"https:\/\/api.w.org\/{rel}","templated":true}]}}