{"id":795,"date":"2021-04-12T15:07:18","date_gmt":"2021-04-12T13:07:18","guid":{"rendered":"https:\/\/www.laniverdiere.com\/?post_type=product&#038;p=795"},"modified":"2025-11-18T18:17:03","modified_gmt":"2025-11-18T17:17:03","slug":"palimpseste","status":"publish","type":"product","link":"https:\/\/laniverdiere.com\/en\/product\/palimpseste\/","title":{"rendered":"Palimpseste"},"content":{"rendered":"<div class=\"row\">\n<div class=\"col-12 col-sm-6\">\n<p><strong>TERROIR<\/strong> : <strong>\u00ab&quot;Gentle Lands&quot;, <\/strong>a mixture of calcareous sands and calcareous colluvium, a not very deep horizon and a subsoil of white and yellow tuffeaux.<br \/>\n<strong>GRAPE VARIETY<\/strong> Cabernet franc<br \/>\n<strong>WINEMAKING<\/strong> Hand-harvested, vinified and aged in raw concrete tanks<\/p>\n<\/div>\n<div class=\"col-12 col-sm-6\">\n<p><strong>CHARACTER<\/strong> The young vines of the Clos produce a fruity, easy-drinking wine with notes of raspberry, redcurrant, and blackcurrant. This fruity character is very typical of the <em>soft soils<\/em> From Beaumont en V\u00e9ron, these young vines with a beginning of rooting in the bedrock ultimately offer well-integrated tannins without being too firm and chalky.<\/p>\n<\/div>\n<\/div>\n<div id=\"sconnect-is-installed\">2.14.0.0<\/div>","protected":false},"excerpt":{"rendered":"<p><strong><em>Palimpseste<\/em><\/strong> is the cuv\u00e9e made exclusively with grapes from the &quot;Clos La Niverdi\u00e8re&quot; in Beaumont en V\u00e9ron<br \/>\nThis is a supple and fruity expression of Chinon Rouge, characteristic of its calcareous sandy soils. A wine to enjoy now, but one that will be even better after a few years of aging.<\/p>\n<div id=\"sconnect-is-installed\">2.14.0.0<\/div>","protected":false},"featured_media":617,"template":"","meta":[],"product_brand":[],"product_cat":[44,35],"product_tag":[],"class_list":{"0":"post-795","1":"product","2":"type-product","3":"status-publish","4":"has-post-thumbnail","6":"product_cat-bouteille","7":"product_cat-vins","9":"first","10":"instock","11":"taxable","12":"shipping-taxable","13":"purchasable","14":"product-type-variable"},"yoast_head":"<!-- This site is optimized with the Yoast SEO plugin v27.3 - https:\/\/yoast.com\/product\/yoast-seo-wordpress\/ -->\n<title>Palimpseste - Laniverdiere<\/title>\n<meta name=\"robots\" content=\"index, follow, max-snippet:-1, max-image-preview:large, max-video-preview:-1\" \/>\n<link rel=\"canonical\" href=\"http:\/\/laniverdiere.com\/en\/product\/palimpseste\/\" \/>\n<meta property=\"og:locale\" content=\"en_US\" \/>\n<meta property=\"og:type\" content=\"article\" \/>\n<meta property=\"og:title\" content=\"Palimpseste - Laniverdiere\" \/>\n<meta property=\"og:description\" content=\"Palimpseste est la cuv\u00e9e \u00e9labor\u00e9e uniquement avec les raisins issus du \u00ab\u00a0Clos La Niverdi\u00e8re\u00a0\u00bb \u00e0 Beaumont en V\u00e9ron C\u2019est une expression de Chinon Rouge souple et friand caract\u00e9ristique des sols de sables calcaires. Un vin \u00e0 d\u00e9guster de suite mais qui sera encore meilleur apr\u00e8s quelques ann\u00e9es de repos. 2.14.0.0\" \/>\n<meta property=\"og:url\" content=\"http:\/\/laniverdiere.com\/en\/product\/palimpseste\/\" \/>\n<meta property=\"og:site_name\" content=\"Laniverdiere\" \/>\n<meta property=\"article:modified_time\" content=\"2025-11-18T17:17:03+00:00\" \/>\n<meta property=\"og:image\" content=\"http:\/\/laniverdiere.com\/wp-content\/uploads\/2016\/03\/Palimpseste3.jpg\" \/>\n\t<meta property=\"og:image:width\" content=\"1140\" \/>\n\t<meta property=\"og:image:height\" content=\"1400\" \/>\n\t<meta property=\"og:image:type\" content=\"image\/jpeg\" \/>\n<meta name=\"twitter:card\" content=\"summary_large_image\" \/>\n<meta name=\"twitter:label1\" content=\"Est. reading time\" \/>\n\t<meta name=\"twitter:data1\" content=\"1 minute\" \/>\n<script type=\"application\/ld+json\" class=\"yoast-schema-graph\">{\"@context\":\"https:\\\/\\\/schema.org\",\"@graph\":[{\"@type\":\"WebPage\",\"@id\":\"http:\\\/\\\/laniverdiere.com\\\/produit\\\/palimpseste\\\/\",\"url\":\"http:\\\/\\\/laniverdiere.com\\\/produit\\\/palimpseste\\\/\",\"name\":\"Palimpseste - Laniverdiere\",\"isPartOf\":{\"@id\":\"http:\\\/\\\/laniverdiere.com\\\/#website\"},\"primaryImageOfPage\":{\"@id\":\"http:\\\/\\\/laniverdiere.com\\\/produit\\\/palimpseste\\\/#primaryimage\"},\"image\":{\"@id\":\"http:\\\/\\\/laniverdiere.com\\\/produit\\\/palimpseste\\\/#primaryimage\"},\"thumbnailUrl\":\"https:\\\/\\\/laniverdiere.com\\\/wp-content\\\/uploads\\\/2016\\\/03\\\/Palimpseste3.jpg\",\"datePublished\":\"2021-04-12T13:07:18+00:00\",\"dateModified\":\"2025-11-18T17:17:03+00:00\",\"breadcrumb\":{\"@id\":\"http:\\\/\\\/laniverdiere.com\\\/produit\\\/palimpseste\\\/#breadcrumb\"},\"inLanguage\":\"en-US\",\"potentialAction\":[{\"@type\":\"ReadAction\",\"target\":[\"http:\\\/\\\/laniverdiere.com\\\/produit\\\/palimpseste\\\/\"]}]},{\"@type\":\"ImageObject\",\"inLanguage\":\"en-US\",\"@id\":\"http:\\\/\\\/laniverdiere.com\\\/produit\\\/palimpseste\\\/#primaryimage\",\"url\":\"https:\\\/\\\/laniverdiere.com\\\/wp-content\\\/uploads\\\/2016\\\/03\\\/Palimpseste3.jpg\",\"contentUrl\":\"https:\\\/\\\/laniverdiere.com\\\/wp-content\\\/uploads\\\/2016\\\/03\\\/Palimpseste3.jpg\",\"width\":1140,\"height\":1400},{\"@type\":\"BreadcrumbList\",\"@id\":\"http:\\\/\\\/laniverdiere.com\\\/produit\\\/palimpseste\\\/#breadcrumb\",\"itemListElement\":[{\"@type\":\"ListItem\",\"position\":1,\"name\":\"Accueil\",\"item\":\"http:\\\/\\\/laniverdiere.com\\\/\"},{\"@type\":\"ListItem\",\"position\":2,\"name\":\"BOUTIQUE\",\"item\":\"http:\\\/\\\/laniverdiere.com\\\/boutique\\\/\"},{\"@type\":\"ListItem\",\"position\":3,\"name\":\"Palimpseste\"}]},{\"@type\":\"WebSite\",\"@id\":\"http:\\\/\\\/laniverdiere.com\\\/#website\",\"url\":\"http:\\\/\\\/laniverdiere.com\\\/\",\"name\":\"Laniverdiere\",\"description\":\"Le coeur \u00e0 l&#039;ouvrage\",\"potentialAction\":[{\"@type\":\"SearchAction\",\"target\":{\"@type\":\"EntryPoint\",\"urlTemplate\":\"http:\\\/\\\/laniverdiere.com\\\/?s={search_term_string}\"},\"query-input\":{\"@type\":\"PropertyValueSpecification\",\"valueRequired\":true,\"valueName\":\"search_term_string\"}}],\"inLanguage\":\"en-US\"}]}<\/script>\n<!-- \/ Yoast SEO plugin. -->","yoast_head_json":{"title":"Palimpseste - Laniverdiere","robots":{"index":"index","follow":"follow","max-snippet":"max-snippet:-1","max-image-preview":"max-image-preview:large","max-video-preview":"max-video-preview:-1"},"canonical":"http:\/\/laniverdiere.com\/en\/product\/palimpseste\/","og_locale":"en_US","og_type":"article","og_title":"Palimpseste - Laniverdiere","og_description":"Palimpseste est la cuv\u00e9e \u00e9labor\u00e9e uniquement avec les raisins issus du \u00ab\u00a0Clos La Niverdi\u00e8re\u00a0\u00bb \u00e0 Beaumont en V\u00e9ron C\u2019est une expression de Chinon Rouge souple et friand caract\u00e9ristique des sols de sables calcaires. Un vin \u00e0 d\u00e9guster de suite mais qui sera encore meilleur apr\u00e8s quelques ann\u00e9es de repos. 2.14.0.0","og_url":"http:\/\/laniverdiere.com\/en\/product\/palimpseste\/","og_site_name":"Laniverdiere","article_modified_time":"2025-11-18T17:17:03+00:00","og_image":[{"width":1140,"height":1400,"url":"http:\/\/laniverdiere.com\/wp-content\/uploads\/2016\/03\/Palimpseste3.jpg","type":"image\/jpeg"}],"twitter_card":"summary_large_image","twitter_misc":{"Est. reading time":"1 minute"},"schema":{"@context":"https:\/\/schema.org","@graph":[{"@type":"WebPage","@id":"http:\/\/laniverdiere.com\/produit\/palimpseste\/","url":"http:\/\/laniverdiere.com\/produit\/palimpseste\/","name":"Palimpseste - Laniverdiere","isPartOf":{"@id":"http:\/\/laniverdiere.com\/#website"},"primaryImageOfPage":{"@id":"http:\/\/laniverdiere.com\/produit\/palimpseste\/#primaryimage"},"image":{"@id":"http:\/\/laniverdiere.com\/produit\/palimpseste\/#primaryimage"},"thumbnailUrl":"https:\/\/laniverdiere.com\/wp-content\/uploads\/2016\/03\/Palimpseste3.jpg","datePublished":"2021-04-12T13:07:18+00:00","dateModified":"2025-11-18T17:17:03+00:00","breadcrumb":{"@id":"http:\/\/laniverdiere.com\/produit\/palimpseste\/#breadcrumb"},"inLanguage":"en-US","potentialAction":[{"@type":"ReadAction","target":["http:\/\/laniverdiere.com\/produit\/palimpseste\/"]}]},{"@type":"ImageObject","inLanguage":"en-US","@id":"http:\/\/laniverdiere.com\/produit\/palimpseste\/#primaryimage","url":"https:\/\/laniverdiere.com\/wp-content\/uploads\/2016\/03\/Palimpseste3.jpg","contentUrl":"https:\/\/laniverdiere.com\/wp-content\/uploads\/2016\/03\/Palimpseste3.jpg","width":1140,"height":1400},{"@type":"BreadcrumbList","@id":"http:\/\/laniverdiere.com\/produit\/palimpseste\/#breadcrumb","itemListElement":[{"@type":"ListItem","position":1,"name":"Accueil","item":"http:\/\/laniverdiere.com\/"},{"@type":"ListItem","position":2,"name":"BOUTIQUE","item":"http:\/\/laniverdiere.com\/boutique\/"},{"@type":"ListItem","position":3,"name":"Palimpseste"}]},{"@type":"WebSite","@id":"http:\/\/laniverdiere.com\/#website","url":"http:\/\/laniverdiere.com\/","name":"Laniverdiere","description":"With heart and soul in the work","potentialAction":[{"@type":"SearchAction","target":{"@type":"EntryPoint","urlTemplate":"http:\/\/laniverdiere.com\/?s={search_term_string}"},"query-input":{"@type":"PropertyValueSpecification","valueRequired":true,"valueName":"search_term_string"}}],"inLanguage":"en-US"}]}},"_links":{"self":[{"href":"https:\/\/laniverdiere.com\/en\/wp-json\/wp\/v2\/product\/795","targetHints":{"allow":["GET"]}}],"collection":[{"href":"https:\/\/laniverdiere.com\/en\/wp-json\/wp\/v2\/product"}],"about":[{"href":"https:\/\/laniverdiere.com\/en\/wp-json\/wp\/v2\/types\/product"}],"wp:featuredmedia":[{"embeddable":true,"href":"https:\/\/laniverdiere.com\/en\/wp-json\/wp\/v2\/media\/617"}],"wp:attachment":[{"href":"https:\/\/laniverdiere.com\/en\/wp-json\/wp\/v2\/media?parent=795"}],"wp:term":[{"taxonomy":"product_brand","embeddable":true,"href":"https:\/\/laniverdiere.com\/en\/wp-json\/wp\/v2\/product_brand?post=795"},{"taxonomy":"product_cat","embeddable":true,"href":"https:\/\/laniverdiere.com\/en\/wp-json\/wp\/v2\/product_cat?post=795"},{"taxonomy":"product_tag","embeddable":true,"href":"https:\/\/laniverdiere.com\/en\/wp-json\/wp\/v2\/product_tag?post=795"}],"curies":[{"name":"wp","href":"https:\/\/api.w.org\/{rel}","templated":true}]}}